{"id":346,"date":"2025-05-16T14:42:00","date_gmt":"2025-05-16T14:42:00","guid":{"rendered":"https:\/\/www.nienkevaneck.com\/nienkevaneck\/?page_id=346"},"modified":"2025-05-18T10:57:32","modified_gmt":"2025-05-18T10:57:32","slug":"reviews","status":"publish","type":"page","link":"https:\/\/www.nienkevaneck.com\/nienkevaneck\/fr\/reviews\/","title":{"rendered":"Opinions"},"content":{"rendered":"<p><a href=\"http:\/\/www.nienkevaneck.com\/nienkevaneck\/wp-content\/uploads\/2025\/05\/goed-scaled.jpg\"><img loading=\"lazy\" decoding=\"async\" class=\"alignnone wp-image-272 size-full\" src=\"http:\/\/www.nienkevaneck.com\/nienkevaneck\/wp-content\/uploads\/2025\/05\/goed-scaled.jpg\" alt=\"\" width=\"2560\" height=\"1702\" srcset=\"https:\/\/www.nienkevaneck.com\/nienkevaneck\/wp-content\/uploads\/2025\/05\/goed-scaled.jpg 2560w, https:\/\/www.nienkevaneck.com\/nienkevaneck\/wp-content\/uploads\/2025\/05\/goed-300x199.jpg 300w, https:\/\/www.nienkevaneck.com\/nienkevaneck\/wp-content\/uploads\/2025\/05\/goed-1024x681.jpg 1024w, https:\/\/www.nienkevaneck.com\/nienkevaneck\/wp-content\/uploads\/2025\/05\/goed-768x511.jpg 768w, https:\/\/www.nienkevaneck.com\/nienkevaneck\/wp-content\/uploads\/2025\/05\/goed-1536x1021.jpg 1536w, https:\/\/www.nienkevaneck.com\/nienkevaneck\/wp-content\/uploads\/2025\/05\/goed-2048x1362.jpg 2048w\" sizes=\"auto, (max-width: 2560px) 100vw, 2560px\" \/><\/a><\/p>\n<p><strong>L\u2019opinion de deux critiques d\u2019art<\/strong><\/p>\n<p><strong>Leo Duppen<\/strong>, dans \u2018Kunstbeeld\u2019: \u2018L\u2019\u0153uvre de Nienke van Eck a \u00e9t\u00e9 d\u00e9crite comme du R\u00e9alisme Po\u00e9tique en raison des images paisibles qu\u2019elle \u00e9voque dans ses peintures, pourtant il y a plut\u00f4t une approche naturaliste que r\u00e9aliste. On pourrait qualifier son \u0153uvre naturaliste, car la nature, le paysage tel qu\u2019elle l\u2019a vu lors de ses nombreux voyages \u00e0 travers le monde, est le th\u00e8me principal de ses peintures. Les photos qu\u2019elle a prises en cours de route sont \u00e9labor\u00e9e en son atelier, mais pas de mani\u00e8re \u2018r\u00e9aliste\u2019, elles sont \u2018transform\u00e9s\u2019. L\u2019enregistrement objectif de l\u2019image, par le biais de la photo, constitue la base d\u2019une r\u00e9duction pouss\u00e9e, o\u00f9 non seulement chaque d\u00e9tail superflu, mais m\u00eame toute trace t\u00e9moignant de la pr\u00e9sence humaine, est supprim\u00e9e du tableau. Les plaines de sable vides, mais aussi les maisons sans fen\u00eatres acqui\u00e8rent ainsi quelque chose de surr\u00e9aliste. Le vide caract\u00e9ristique de ses peintures n\u2019est cependant pas paisible, au contraire, il y a toujours la tension palpable que la rigidit\u00e9 du paysage peut \u00eatre perturb\u00e9e \u00e0 tout moment. Car m\u00eame si Nienke van Eck ne repr\u00e9sente pas l\u2019homme, la suggestion est toujours faite que celui-ci peut surgir inopin\u00e9ment derri\u00e8re les collines, dans le champ de vision et briser le silence de la nature. Dans son art, chaque d\u00e9tail superflu est supprim\u00e9, c\u2019est l\u00e0 sa grande force\u2019.<\/p>\n<p><strong>Antonie den Ridder<\/strong>, \u00e0 propos de son exposition \u2018L\u2019Univers Abandonn\u00e9\u2019 au Palais de Justice de Rotterdam: \u2018Van Eck peint des maisons, des poteaux t\u00e9l\u00e9phoniques, des voies ferr\u00e9es et des paysages marins. Le fait que l\u2019homme ne figure pas physiquement dans ses peintures a amen\u00e9 les critiques d\u2019art \u00e0 discuter des \u00e9tiquettes comme \u2018r\u00e9aliste po\u00e9tique\u2019 ou \u2018naturaliste\u2019. Mais ces descriptions semblent \u00e0 peine rendre justice \u00e0 la vision que Van Eck rend presque tangible dans ses peintures. Dans le titre de son expo \u2018L\u2019Univers Abandonn\u00e9\u2019, il n\u2019y a pas d\u2019adieu douloureux cach\u00e9. L\u2019absence de figurants humains est plut\u00f4t un point de d\u00e9part formel. Dans une composition aussi \u00e9quilibr\u00e9e, les figures humaines ne feraient que g\u00eaner et polluer l\u2019horizon avec leur pr\u00e9sence.<br \/>\nElle travaille souvent avec des horizons extr\u00eamement bas et des perspectives remarquables. Elle a d\u00e9velopp\u00e9 une pr\u00e9f\u00e9rence pour la repr\u00e9sentation plastique de ses sujets qui ne d\u00e9plairait pas \u00e0 un sculpteur. L\u2019\u00e9clairage \u00e9trange est enti\u00e8rement au service de l\u2019illusion spatiale. Van Eck nous montre la beaut\u00e9 du monde apr\u00e8s le Grand Nettoyage\u2019.<\/p>\n","protected":false},"excerpt":{"rendered":"<p>L\u2019opinion de deux critiques d\u2019art Leo Duppen, dans \u2018Kunstbeeld\u2019: \u2018L\u2019\u0153uvre de Nienke van Eck a \u00e9t\u00e9 d\u00e9crite comme du R\u00e9alisme Po\u00e9tique en raison des images paisibles qu\u2019elle \u00e9voque dans ses peintures, pourtant il y a plut\u00f4t une approche naturaliste que r\u00e9aliste. On pourrait qualifier son \u0153uvre naturaliste, car la nature, le paysage tel qu\u2019elle l\u2019a [&hellip;]<\/p>\n","protected":false},"author":1,"featured_media":0,"parent":0,"menu_order":0,"comment_status":"closed","ping_status":"closed","template":"","meta":{"footnotes":""},"categories":[],"tags":[],"class_list":["post-346","page","type-page","status-publish","hentry"],"_links":{"self":[{"href":"https:\/\/www.nienkevaneck.com\/nienkevaneck\/wp-json\/wp\/v2\/pages\/346","targetHints":{"allow":["GET"]}}],"collection":[{"href":"https:\/\/www.nienkevaneck.com\/nienkevaneck\/wp-json\/wp\/v2\/pages"}],"about":[{"href":"https:\/\/www.nienkevaneck.com\/nienkevaneck\/wp-json\/wp\/v2\/types\/page"}],"author":[{"embeddable":true,"href":"https:\/\/www.nienkevaneck.com\/nienkevaneck\/wp-json\/wp\/v2\/users\/1"}],"replies":[{"embeddable":true,"href":"https:\/\/www.nienkevaneck.com\/nienkevaneck\/wp-json\/wp\/v2\/comments?post=346"}],"version-history":[{"count":4,"href":"https:\/\/www.nienkevaneck.com\/nienkevaneck\/wp-json\/wp\/v2\/pages\/346\/revisions"}],"predecessor-version":[{"id":383,"href":"https:\/\/www.nienkevaneck.com\/nienkevaneck\/wp-json\/wp\/v2\/pages\/346\/revisions\/383"}],"wp:attachment":[{"href":"https:\/\/www.nienkevaneck.com\/nienkevaneck\/wp-json\/wp\/v2\/media?parent=346"}],"wp:term":[{"taxonomy":"category","embeddable":true,"href":"https:\/\/www.nienkevaneck.com\/nienkevaneck\/wp-json\/wp\/v2\/categories?post=346"},{"taxonomy":"post_tag","embeddable":true,"href":"https:\/\/www.nienkevaneck.com\/nienkevaneck\/wp-json\/wp\/v2\/tags?post=346"}],"curies":[{"name":"wp","href":"https:\/\/api.w.org\/{rel}","templated":true}]}}