{"id":351,"date":"2025-05-16T14:52:16","date_gmt":"2025-05-16T14:52:16","guid":{"rendered":"https:\/\/www.nienkevaneck.com\/nienkevaneck\/?page_id=351"},"modified":"2025-05-18T10:52:28","modified_gmt":"2025-05-18T10:52:28","slug":"info-3","status":"publish","type":"page","link":"https:\/\/www.nienkevaneck.com\/nienkevaneck\/fr\/info-3\/","title":{"rendered":"Info"},"content":{"rendered":"<p><a href=\"http:\/\/www.nienkevaneck.com\/nienkevaneck\/wp-content\/uploads\/2016\/06\/IMG_6904.jpg\"><img loading=\"lazy\" decoding=\"async\" class=\"alignnone wp-image-88 size-full\" src=\"http:\/\/www.nienkevaneck.com\/nienkevaneck\/wp-content\/uploads\/2016\/06\/IMG_6904.jpg\" alt=\"IMG_6904\" width=\"863\" height=\"716\" srcset=\"https:\/\/www.nienkevaneck.com\/nienkevaneck\/wp-content\/uploads\/2016\/06\/IMG_6904.jpg 863w, https:\/\/www.nienkevaneck.com\/nienkevaneck\/wp-content\/uploads\/2016\/06\/IMG_6904-300x249.jpg 300w, https:\/\/www.nienkevaneck.com\/nienkevaneck\/wp-content\/uploads\/2016\/06\/IMG_6904-768x637.jpg 768w, https:\/\/www.nienkevaneck.com\/nienkevaneck\/wp-content\/uploads\/2016\/06\/IMG_6904-500x415.jpg 500w\" sizes=\"auto, (max-width: 863px) 100vw, 863px\" \/><\/a><\/p>\n<p><strong>Nienke van Eck<\/strong> est n\u00e9e \u00e0 Ede en 1950. Apr\u00e8s ses \u00e9tudes \u00e0 l\u2019Acad\u00e9mie des Beaux-Arts d\u2019Arnhem, elle a fait de nombreux voyages \u00e0 travers le monde et a v\u00e9cu et travaill\u00e9 \u00e0 Amsterdam. En 1992, elle est retourn\u00e9e \u00e0 sa village natale, Ede. Puis en 2020, elle a d\u00e9m\u00e9nag\u00e9 dans un \u2018Petit Ch\u00e2teau\u2019 en France (Bourgogne). Sur l\u2019ancien grenier \u00e0 foin de l\u2019\u00e9curie, elle a maintenant sa propre galerie (Galerie Pomona) et son atelier.<\/p>\n<p><strong>Expositions<\/strong><\/p>\n<p>Galerie O.K.K., novembre 1972 &#8211; janvier 1973, Oostzaan, Pays-Bas<\/p>\n<p>Galerie Tom Caldwell, avril &#8211; juin 1975, Dublin, Irlande<\/p>\n<p>Galerie Ina Broerse, juillet-ao\u00fbt 1975, Amsterdam<\/p>\n<p>Galerie Ina Broerse, novembre 1975 &#8211; janvier 1976, Amsterdam<\/p>\n<p>Galerie Ina Broerse, ao\u00fbt &#8211; septembre 1977, Amsterdam<\/p>\n<p>Galerie Mouffe, novembre 1977, Paris<\/p>\n<p>Galerie Ina Broerse, f\u00e9vrier &#8211; mars 1979 Laren, Pays-Bas<\/p>\n<p>Galerie aan de Kippenlijn, ao\u00fbt &#8211; septembre 1979, Lunteren, Pays-Bas<\/p>\n<p>Galerie aan de Kippenlijn, mars &#8211; avril 1980, Lunteren, Pays-Bas<\/p>\n<p>Galerie de Witte Voet, ao\u00fbt &#8211; septembre 1981, Amsterdam<\/p>\n<p>Galerie Bruno Broersma, septembre &#8211; octobre 1983, Hilversum, Pays-Bas<\/p>\n<p>Galerie aan de Kippenlijn, d\u00e9cembre 1984, Lunteren, Pays-Bas<\/p>\n<p>Galerie Lughien, mai &#8211; juin 1985, Amsterdam<\/p>\n<p>Exposition Huis Kernhem, 1994, Atlas topographique de la commune d\u2019Ede<\/p>\n<p>Pr\u00eat\u00e9 \u00e0 Centre M\u00e9dicale Universitaire d\u2019 Amsterdam, 1990-1998, \u2018Le triptyque L\u2019Ob\u00e9lisque\u2019<\/p>\n<p>H\u00f4tel Greenpark, avril &#8211; mars 1999, Leidschendam, Pays-Bas<\/p>\n<p>Palais de Justice de Rotterdam, \u2018L\u2019Univers Abandonn\u00e9\u2019, exposition personnelle, janvier &#8211; mars 2001, Rotterdam, Pays-Bas<\/p>\n<p>\u2018Groot Zonneoord\u2019, exposition personelle, mars &#8211; juin 2011, Ede, Pays-Bas<\/p>\n<p>Mus\u00e9e R\u00e9gional Buzet, \u2018Le Palais Bigatto\u2019, exposition personnelle, juillet &#8211; ao\u00fbt 2016, Buzet, Croatie<\/p>\n<p>Galerie Zienn, mai 2018, Leeuwarden, Pays-Bas<\/p>\n<p><strong>Devoirs<\/strong><\/p>\n<p>\u00c9ditions Bert Bakker, 1977, Couverture du livre : \u2018Als een man in een brandend huis J.R.M. Maas \/ psychiatre<\/p>\n<p>Zomer &amp; Keuning Boeken, 1982, Tableau \u2018Les trois arbres\u2019<\/p>\n<p>Zomer &amp; Keuning Boeken, 1983, Carte de voeux , Po\u00e8me : Gregor Frenkel Frank<\/p>\n<p>Fondation Edese Schaapskudde, 1993, Carte de voeux<\/p>\n<p>Collection Municipale Ede 1993, deux tableaux\u00a0: \u2018Maison Kernhem\u2019 et \u2018Anna Maria Moens\u2019<\/p>\n<p>Commission des Arts d\u2019 Ede, juin 2000, Grand tableau du Mairie d\u2019 Ede<\/p>\n<p>\u00c9ditions Elmar, 2021, Couverture du livre : \u2018Groeten uit Baflo\u2019<\/p>\n","protected":false},"excerpt":{"rendered":"<p>Nienke van Eck est n\u00e9e \u00e0 Ede en 1950. Apr\u00e8s ses \u00e9tudes \u00e0 l\u2019Acad\u00e9mie des Beaux-Arts d\u2019Arnhem, elle a fait de nombreux voyages \u00e0 travers le monde et a v\u00e9cu et travaill\u00e9 \u00e0 Amsterdam. En 1992, elle est retourn\u00e9e \u00e0 sa village natale, Ede. Puis en 2020, elle a d\u00e9m\u00e9nag\u00e9 dans un \u2018Petit Ch\u00e2teau\u2019 en [&hellip;]<\/p>\n","protected":false},"author":1,"featured_media":0,"parent":0,"menu_order":0,"comment_status":"closed","ping_status":"closed","template":"","meta":{"footnotes":""},"categories":[],"tags":[],"class_list":["post-351","page","type-page","status-publish","hentry"],"_links":{"self":[{"href":"https:\/\/www.nienkevaneck.com\/nienkevaneck\/wp-json\/wp\/v2\/pages\/351","targetHints":{"allow":["GET"]}}],"collection":[{"href":"https:\/\/www.nienkevaneck.com\/nienkevaneck\/wp-json\/wp\/v2\/pages"}],"about":[{"href":"https:\/\/www.nienkevaneck.com\/nienkevaneck\/wp-json\/wp\/v2\/types\/page"}],"author":[{"embeddable":true,"href":"https:\/\/www.nienkevaneck.com\/nienkevaneck\/wp-json\/wp\/v2\/users\/1"}],"replies":[{"embeddable":true,"href":"https:\/\/www.nienkevaneck.com\/nienkevaneck\/wp-json\/wp\/v2\/comments?post=351"}],"version-history":[{"count":6,"href":"https:\/\/www.nienkevaneck.com\/nienkevaneck\/wp-json\/wp\/v2\/pages\/351\/revisions"}],"predecessor-version":[{"id":382,"href":"https:\/\/www.nienkevaneck.com\/nienkevaneck\/wp-json\/wp\/v2\/pages\/351\/revisions\/382"}],"wp:attachment":[{"href":"https:\/\/www.nienkevaneck.com\/nienkevaneck\/wp-json\/wp\/v2\/media?parent=351"}],"wp:term":[{"taxonomy":"category","embeddable":true,"href":"https:\/\/www.nienkevaneck.com\/nienkevaneck\/wp-json\/wp\/v2\/categories?post=351"},{"taxonomy":"post_tag","embeddable":true,"href":"https:\/\/www.nienkevaneck.com\/nienkevaneck\/wp-json\/wp\/v2\/tags?post=351"}],"curies":[{"name":"wp","href":"https:\/\/api.w.org\/{rel}","templated":true}]}}